{"id":23,"date":"2019-11-17T09:27:17","date_gmt":"2019-11-17T09:27:17","guid":{"rendered":"http:\/\/kathispfifferlinge.de\/?page_id=23"},"modified":"2021-01-23T20:41:50","modified_gmt":"2021-01-23T20:41:50","slug":"konzept","status":"publish","type":"page","link":"https:\/\/kathispfifferlinge.de\/?page_id=23","title":{"rendered":"P\u00e4dagogisches Konzept"},"content":{"rendered":"\n<p>Besonders Wert lege ich auf die Natur und eine gesunde Ern\u00e4hrung. Durch das selbstangebaute Obst und Gem\u00fcse in den Hochbeeten, erlernen die Kleinen, wo zum Teil unsere Lebensmittel herkommen und wie sie schmecken. Die t\u00e4glichen Mahlzeiten, bei uns zu Hause, eine Kombination aus regionalen, saisonalen- und Bio Produkten, werden bei uns frisch gekocht und zubereitet. <\/p>\n\n\n\n<p>Die F\u00f6rderung der Selbstst\u00e4ndigkeit wird z.B. durch das gemeinsame Tischdecken, die eigenst\u00e4ndige Nahrungsaufnahme, sowie Auf- und Abbauen der Spielm\u00f6glichkeiten erlernt, denn je selbstst\u00e4ndiger die Kleinen sind, desto mehr sind sie f\u00fcr die Au\u00dfenwelt gest\u00e4rkt.  Mir ist auch wichtig, dass die Pfifferlinge, im kleinen Rahmen, den Tagesablauf mit beeinflussen d\u00fcrfen und somit als eigenst\u00e4ndige Personen wahrgenommen werden. Respektvoller Umgang zu Mitmenschen, aber auch zu Tieren wird von mir gef\u00f6rdert und unterst\u00fctzt. <\/p>\n\n\n\n<p>Die Grob-und Feinmotorik wird in der Entwicklung durch z.B. Holzspielzeug, mit bunten Farben und Formen, spielerisch beigebracht. Auch besitzt jeder Pfifferling sein eigenes Handtuch, Waschlappen und Bettbezug, denn sie werden hier als individuelle Pers\u00f6nlichkeiten gesehen.  <\/p>\n\n\n\n<p>Zusammengefasst lernen hier die Kinder, wie vor allem eine gesunde Ern\u00e4hrung und was f\u00fcr eine Bedeutung die Natur und Tiere f\u00fcr uns haben und dies im Zusammenhang mit spannenden Unternehmungen zu erforschen und wahrzunehmen. Sie werden hier individuell aufgenommen und lernen selbstst\u00e4ndige T\u00e4tigkeiten auszuf\u00fchren.<\/p>\n\n\n\n<figure class=\"wp-block-gallery columns-4 wp-block-gallery-1 is-layout-flex wp-block-gallery-is-layout-flex\"><ul class=\"blocks-gallery-grid\"><li class=\"blocks-gallery-item\"><figure><img loading=\"lazy\" decoding=\"async\" width=\"1024\" height=\"683\" src=\"http:\/\/kathispfifferlinge.de\/wp-content\/uploads\/2019\/11\/IMG_1752-1024x683.jpg\" alt=\"\" data-id=\"80\" data-link=\"http:\/\/kathispfifferlinge.de\/?attachment_id=80\" class=\"wp-image-80\" srcset=\"https:\/\/kathispfifferlinge.de\/wp-content\/uploads\/2019\/11\/IMG_1752-1024x683.jpg 1024w, https:\/\/kathispfifferlinge.de\/wp-content\/uploads\/2019\/11\/IMG_1752-300x200.jpg 300w, https:\/\/kathispfifferlinge.de\/wp-content\/uploads\/2019\/11\/IMG_1752-768x512.jpg 768w, https:\/\/kathispfifferlinge.de\/wp-content\/uploads\/2019\/11\/IMG_1752-1536x1024.jpg 1536w, https:\/\/kathispfifferlinge.de\/wp-content\/uploads\/2019\/11\/IMG_1752-2048x1365.jpg 2048w\" sizes=\"(max-width: 1024px) 100vw, 1024px\" \/><\/figure><\/li><li class=\"blocks-gallery-item\"><figure><img loading=\"lazy\" decoding=\"async\" width=\"1024\" height=\"683\" src=\"http:\/\/kathispfifferlinge.de\/wp-content\/uploads\/2019\/11\/IMG_1576-1024x683.jpg\" alt=\"\" data-id=\"81\" data-link=\"http:\/\/kathispfifferlinge.de\/?attachment_id=81\" class=\"wp-image-81\" srcset=\"https:\/\/kathispfifferlinge.de\/wp-content\/uploads\/2019\/11\/IMG_1576-1024x683.jpg 1024w, https:\/\/kathispfifferlinge.de\/wp-content\/uploads\/2019\/11\/IMG_1576-300x200.jpg 300w, https:\/\/kathispfifferlinge.de\/wp-content\/uploads\/2019\/11\/IMG_1576-768x512.jpg 768w, https:\/\/kathispfifferlinge.de\/wp-content\/uploads\/2019\/11\/IMG_1576-1536x1024.jpg 1536w, https:\/\/kathispfifferlinge.de\/wp-content\/uploads\/2019\/11\/IMG_1576-2048x1365.jpg 2048w\" sizes=\"(max-width: 1024px) 100vw, 1024px\" \/><\/figure><\/li><li class=\"blocks-gallery-item\"><figure><img loading=\"lazy\" decoding=\"async\" width=\"1024\" height=\"683\" src=\"http:\/\/kathispfifferlinge.de\/wp-content\/uploads\/2019\/11\/IMG_1592-1024x683.jpg\" alt=\"\" data-id=\"82\" data-link=\"http:\/\/kathispfifferlinge.de\/?attachment_id=82\" class=\"wp-image-82\" srcset=\"https:\/\/kathispfifferlinge.de\/wp-content\/uploads\/2019\/11\/IMG_1592-1024x683.jpg 1024w, https:\/\/kathispfifferlinge.de\/wp-content\/uploads\/2019\/11\/IMG_1592-300x200.jpg 300w, https:\/\/kathispfifferlinge.de\/wp-content\/uploads\/2019\/11\/IMG_1592-768x512.jpg 768w, https:\/\/kathispfifferlinge.de\/wp-content\/uploads\/2019\/11\/IMG_1592-1536x1024.jpg 1536w, https:\/\/kathispfifferlinge.de\/wp-content\/uploads\/2019\/11\/IMG_1592-2048x1365.jpg 2048w\" sizes=\"(max-width: 1024px) 100vw, 1024px\" \/><\/figure><\/li><li class=\"blocks-gallery-item\"><figure><img loading=\"lazy\" decoding=\"async\" width=\"1024\" height=\"683\" src=\"http:\/\/kathispfifferlinge.de\/wp-content\/uploads\/2019\/11\/IMG_1672-1024x683.jpg\" alt=\"\" data-id=\"87\" data-link=\"http:\/\/kathispfifferlinge.de\/?attachment_id=87\" class=\"wp-image-87\" srcset=\"https:\/\/kathispfifferlinge.de\/wp-content\/uploads\/2019\/11\/IMG_1672-1024x683.jpg 1024w, https:\/\/kathispfifferlinge.de\/wp-content\/uploads\/2019\/11\/IMG_1672-300x200.jpg 300w, https:\/\/kathispfifferlinge.de\/wp-content\/uploads\/2019\/11\/IMG_1672-768x512.jpg 768w, https:\/\/kathispfifferlinge.de\/wp-content\/uploads\/2019\/11\/IMG_1672-1536x1024.jpg 1536w, https:\/\/kathispfifferlinge.de\/wp-content\/uploads\/2019\/11\/IMG_1672-2048x1365.jpg 2048w\" sizes=\"(max-width: 1024px) 100vw, 1024px\" \/><\/figure><\/li><li class=\"blocks-gallery-item\"><figure><img loading=\"lazy\" decoding=\"async\" width=\"1024\" height=\"683\" src=\"http:\/\/kathispfifferlinge.de\/wp-content\/uploads\/2019\/11\/IMG_1899-1024x683.jpg\" alt=\"\" data-id=\"83\" data-link=\"http:\/\/kathispfifferlinge.de\/?attachment_id=83\" class=\"wp-image-83\" srcset=\"https:\/\/kathispfifferlinge.de\/wp-content\/uploads\/2019\/11\/IMG_1899-1024x683.jpg 1024w, https:\/\/kathispfifferlinge.de\/wp-content\/uploads\/2019\/11\/IMG_1899-300x200.jpg 300w, https:\/\/kathispfifferlinge.de\/wp-content\/uploads\/2019\/11\/IMG_1899-768x512.jpg 768w, https:\/\/kathispfifferlinge.de\/wp-content\/uploads\/2019\/11\/IMG_1899-1536x1024.jpg 1536w, https:\/\/kathispfifferlinge.de\/wp-content\/uploads\/2019\/11\/IMG_1899-2048x1365.jpg 2048w\" sizes=\"(max-width: 1024px) 100vw, 1024px\" \/><\/figure><\/li><li class=\"blocks-gallery-item\"><figure><img loading=\"lazy\" decoding=\"async\" width=\"1024\" height=\"684\" src=\"http:\/\/kathispfifferlinge.de\/wp-content\/uploads\/2019\/11\/DSC00437-1024x684.jpg\" alt=\"\" data-id=\"110\" data-link=\"http:\/\/kathispfifferlinge.de\/?attachment_id=110\" class=\"wp-image-110\" srcset=\"https:\/\/kathispfifferlinge.de\/wp-content\/uploads\/2019\/11\/DSC00437-1024x684.jpg 1024w, https:\/\/kathispfifferlinge.de\/wp-content\/uploads\/2019\/11\/DSC00437-300x200.jpg 300w, https:\/\/kathispfifferlinge.de\/wp-content\/uploads\/2019\/11\/DSC00437-768x513.jpg 768w, https:\/\/kathispfifferlinge.de\/wp-content\/uploads\/2019\/11\/DSC00437-1536x1026.jpg 1536w, https:\/\/kathispfifferlinge.de\/wp-content\/uploads\/2019\/11\/DSC00437-2048x1367.jpg 2048w\" sizes=\"(max-width: 1024px) 100vw, 1024px\" \/><\/figure><\/li><li class=\"blocks-gallery-item\"><figure><img loading=\"lazy\" decoding=\"async\" width=\"1024\" height=\"639\" src=\"http:\/\/kathispfifferlinge.de\/wp-content\/uploads\/2019\/11\/IMG_2432-1024x639.jpg\" alt=\"\" data-id=\"111\" data-full-url=\"http:\/\/kathispfifferlinge.de\/wp-content\/uploads\/2019\/11\/IMG_2432-scaled.jpg\" data-link=\"http:\/\/kathispfifferlinge.de\/?attachment_id=111\" class=\"wp-image-111\" srcset=\"https:\/\/kathispfifferlinge.de\/wp-content\/uploads\/2019\/11\/IMG_2432-1024x639.jpg 1024w, https:\/\/kathispfifferlinge.de\/wp-content\/uploads\/2019\/11\/IMG_2432-300x187.jpg 300w, https:\/\/kathispfifferlinge.de\/wp-content\/uploads\/2019\/11\/IMG_2432-768x479.jpg 768w, https:\/\/kathispfifferlinge.de\/wp-content\/uploads\/2019\/11\/IMG_2432-1536x959.jpg 1536w, https:\/\/kathispfifferlinge.de\/wp-content\/uploads\/2019\/11\/IMG_2432-2048x1279.jpg 2048w\" sizes=\"(max-width: 1024px) 100vw, 1024px\" \/><\/figure><\/li><\/ul><\/figure>\n","protected":false},"excerpt":{"rendered":"<p>Besonders Wert lege ich auf die Natur und eine gesunde Ern\u00e4hrung. Durch das selbstangebaute Obst und Gem\u00fcse in den Hochbeeten, erlernen die Kleinen, wo zum Teil unsere Lebensmittel herkommen und wie sie schmecken. Die t\u00e4glichen Mahlzeiten, bei uns zu Hause, eine Kombination aus regionalen, saisonalen- und Bio Produkten, werden bei uns frisch gekocht und zubereitet. [&hellip;]<\/p>\n","protected":false},"author":1,"featured_media":0,"parent":0,"menu_order":0,"comment_status":"closed","ping_status":"closed","template":"","meta":{"footnotes":""},"yoast_head":"<!-- This site is optimized with the Yoast SEO plugin v19.7.1 - https:\/\/yoast.com\/wordpress\/plugins\/seo\/ -->\n<title>P\u00e4dagogisches Konzept -<\/title>\n<meta name=\"robots\" content=\"index, follow, max-snippet:-1, max-image-preview:large, max-video-preview:-1\" \/>\n<link rel=\"canonical\" href=\"https:\/\/kathispfifferlinge.de\/?page_id=23\" \/>\n<meta property=\"og:locale\" content=\"de_DE\" \/>\n<meta property=\"og:type\" content=\"article\" \/>\n<meta property=\"og:title\" content=\"P\u00e4dagogisches Konzept -\" \/>\n<meta property=\"og:description\" content=\"Besonders Wert lege ich auf die Natur und eine gesunde Ern\u00e4hrung. Durch das selbstangebaute Obst und Gem\u00fcse in den Hochbeeten, erlernen die Kleinen, wo zum Teil unsere Lebensmittel herkommen und wie sie schmecken. Die t\u00e4glichen Mahlzeiten, bei uns zu Hause, eine Kombination aus regionalen, saisonalen- und Bio Produkten, werden bei uns frisch gekocht und zubereitet. [&hellip;]\" \/>\n<meta property=\"og:url\" content=\"https:\/\/kathispfifferlinge.de\/?page_id=23\" \/>\n<meta property=\"article:modified_time\" content=\"2021-01-23T20:41:50+00:00\" \/>\n<meta property=\"og:image\" content=\"http:\/\/kathispfifferlinge.de\/wp-content\/uploads\/2019\/11\/IMG_1752-1024x683.jpg\" \/>\n<meta name=\"twitter:card\" content=\"summary_large_image\" \/>\n<meta name=\"twitter:label1\" content=\"Gesch\u00e4tzte Lesezeit\" \/>\n\t<meta name=\"twitter:data1\" content=\"1\u00a0Minute\" \/>\n<script type=\"application\/ld+json\" class=\"yoast-schema-graph\">{\"@context\":\"https:\/\/schema.org\",\"@graph\":[{\"@type\":\"WebPage\",\"@id\":\"https:\/\/kathispfifferlinge.de\/?page_id=23\",\"url\":\"https:\/\/kathispfifferlinge.de\/?page_id=23\",\"name\":\"P\u00e4dagogisches Konzept -\",\"isPartOf\":{\"@id\":\"https:\/\/kathispfifferlinge.de\/#website\"},\"datePublished\":\"2019-11-17T09:27:17+00:00\",\"dateModified\":\"2021-01-23T20:41:50+00:00\",\"breadcrumb\":{\"@id\":\"https:\/\/kathispfifferlinge.de\/?page_id=23#breadcrumb\"},\"inLanguage\":\"de\",\"potentialAction\":[{\"@type\":\"ReadAction\",\"target\":[\"https:\/\/kathispfifferlinge.de\/?page_id=23\"]}]},{\"@type\":\"BreadcrumbList\",\"@id\":\"https:\/\/kathispfifferlinge.de\/?page_id=23#breadcrumb\",\"itemListElement\":[{\"@type\":\"ListItem\",\"position\":1,\"name\":\"Startseite\",\"item\":\"https:\/\/kathispfifferlinge.de\/\"},{\"@type\":\"ListItem\",\"position\":2,\"name\":\"P\u00e4dagogisches Konzept\"}]},{\"@type\":\"WebSite\",\"@id\":\"https:\/\/kathispfifferlinge.de\/#website\",\"url\":\"https:\/\/kathispfifferlinge.de\/\",\"name\":\"\",\"description\":\"Kathis-Pfifferlinge\",\"potentialAction\":[{\"@type\":\"SearchAction\",\"target\":{\"@type\":\"EntryPoint\",\"urlTemplate\":\"https:\/\/kathispfifferlinge.de\/?s={search_term_string}\"},\"query-input\":\"required name=search_term_string\"}],\"inLanguage\":\"de\"}]}<\/script>\n<!-- \/ Yoast SEO plugin. -->","yoast_head_json":{"title":"P\u00e4dagogisches Konzept -","robots":{"index":"index","follow":"follow","max-snippet":"max-snippet:-1","max-image-preview":"max-image-preview:large","max-video-preview":"max-video-preview:-1"},"canonical":"https:\/\/kathispfifferlinge.de\/?page_id=23","og_locale":"de_DE","og_type":"article","og_title":"P\u00e4dagogisches Konzept -","og_description":"Besonders Wert lege ich auf die Natur und eine gesunde Ern\u00e4hrung. Durch das selbstangebaute Obst und Gem\u00fcse in den Hochbeeten, erlernen die Kleinen, wo zum Teil unsere Lebensmittel herkommen und wie sie schmecken. Die t\u00e4glichen Mahlzeiten, bei uns zu Hause, eine Kombination aus regionalen, saisonalen- und Bio Produkten, werden bei uns frisch gekocht und zubereitet. [&hellip;]","og_url":"https:\/\/kathispfifferlinge.de\/?page_id=23","article_modified_time":"2021-01-23T20:41:50+00:00","og_image":[{"url":"http:\/\/kathispfifferlinge.de\/wp-content\/uploads\/2019\/11\/IMG_1752-1024x683.jpg"}],"twitter_card":"summary_large_image","twitter_misc":{"Gesch\u00e4tzte Lesezeit":"1\u00a0Minute"},"schema":{"@context":"https:\/\/schema.org","@graph":[{"@type":"WebPage","@id":"https:\/\/kathispfifferlinge.de\/?page_id=23","url":"https:\/\/kathispfifferlinge.de\/?page_id=23","name":"P\u00e4dagogisches Konzept -","isPartOf":{"@id":"https:\/\/kathispfifferlinge.de\/#website"},"datePublished":"2019-11-17T09:27:17+00:00","dateModified":"2021-01-23T20:41:50+00:00","breadcrumb":{"@id":"https:\/\/kathispfifferlinge.de\/?page_id=23#breadcrumb"},"inLanguage":"de","potentialAction":[{"@type":"ReadAction","target":["https:\/\/kathispfifferlinge.de\/?page_id=23"]}]},{"@type":"BreadcrumbList","@id":"https:\/\/kathispfifferlinge.de\/?page_id=23#breadcrumb","itemListElement":[{"@type":"ListItem","position":1,"name":"Startseite","item":"https:\/\/kathispfifferlinge.de\/"},{"@type":"ListItem","position":2,"name":"P\u00e4dagogisches Konzept"}]},{"@type":"WebSite","@id":"https:\/\/kathispfifferlinge.de\/#website","url":"https:\/\/kathispfifferlinge.de\/","name":"","description":"Kathis-Pfifferlinge","potentialAction":[{"@type":"SearchAction","target":{"@type":"EntryPoint","urlTemplate":"https:\/\/kathispfifferlinge.de\/?s={search_term_string}"},"query-input":"required name=search_term_string"}],"inLanguage":"de"}]}},"_links":{"self":[{"href":"https:\/\/kathispfifferlinge.de\/index.php?rest_route=\/wp\/v2\/pages\/23"}],"collection":[{"href":"https:\/\/kathispfifferlinge.de\/index.php?rest_route=\/wp\/v2\/pages"}],"about":[{"href":"https:\/\/kathispfifferlinge.de\/index.php?rest_route=\/wp\/v2\/types\/page"}],"author":[{"embeddable":true,"href":"https:\/\/kathispfifferlinge.de\/index.php?rest_route=\/wp\/v2\/users\/1"}],"replies":[{"embeddable":true,"href":"https:\/\/kathispfifferlinge.de\/index.php?rest_route=%2Fwp%2Fv2%2Fcomments&post=23"}],"version-history":[{"count":7,"href":"https:\/\/kathispfifferlinge.de\/index.php?rest_route=\/wp\/v2\/pages\/23\/revisions"}],"predecessor-version":[{"id":297,"href":"https:\/\/kathispfifferlinge.de\/index.php?rest_route=\/wp\/v2\/pages\/23\/revisions\/297"}],"wp:attachment":[{"href":"https:\/\/kathispfifferlinge.de\/index.php?rest_route=%2Fwp%2Fv2%2Fmedia&parent=23"}],"curies":[{"name":"wp","href":"https:\/\/api.w.org\/{rel}","templated":true}]}}