{"id":27,"date":"2019-11-17T09:27:18","date_gmt":"2019-11-17T09:27:18","guid":{"rendered":"http:\/\/kathispfifferlinge.de\/?page_id=27"},"modified":"2021-01-23T20:39:30","modified_gmt":"2021-01-23T20:39:30","slug":"raeumlichkeiten","status":"publish","type":"page","link":"https:\/\/kathispfifferlinge.de\/?page_id=27","title":{"rendered":"R\u00e4umlichkeiten"},"content":{"rendered":"\n<p>Wir leben in einem freistehenden Zweifamilien Haus mit einem gro\u00dfen, eingez\u00e4unten Garten. Dieses befindet sich in einer verkehrsberuhigten Zone. Alle R\u00e4ume sind kindergerecht eingerichtet.<\/p>\n\n\n\n<p> Im wilden Pfifferling Spielzimmer gibt es jede Menge zu entdecken.<\/p>\n\n\n\n<p> Im Wohn-Essbereich wird sowohl gespielt, gebastelt und es werden dort  gemeinsame Mahlzeiten zu sich genommen. <\/p>\n\n\n\n<p>Der abgetrennte Schlafbereich sorgt au\u00dferdem f\u00fcr eine ruhige Atmosph\u00e4re, welches zum Schlafen oder Verweilen einl\u00e4dt. <\/p>\n\n\n\n<p>Doch das Highlight, wo wir uns am meisten aufhalten werden, ist unser gro\u00dfer Garten. Dort wartet ein Abenteuerspielplatz zum Entdecken auf die Kinder. Im letzten Fr\u00fchling sind dort Hochbeete entstanden, wo wir Gem\u00fcse selber anbaut haben. Die Kinder bekommen somit wieder ein Gef\u00fchl f\u00fcr Lebensmittel, wie sie wachsen und welche Mahlzeiten daraus entstehen. <\/p>\n\n\n\n<figure class=\"wp-block-gallery columns-0 is-cropped wp-block-gallery-1 is-layout-flex wp-block-gallery-is-layout-flex\"><ul class=\"blocks-gallery-grid\"><li class=\"blocks-gallery-item\"><figure><img loading=\"lazy\" decoding=\"async\" width=\"768\" height=\"1024\" src=\"http:\/\/kathispfifferlinge.de\/wp-content\/uploads\/2021\/01\/IMG_20200526_110248-768x1024.jpg\" alt=\"\" data-id=\"250\" data-full-url=\"http:\/\/kathispfifferlinge.de\/wp-content\/uploads\/2021\/01\/IMG_20200526_110248-scaled.jpg\" data-link=\"http:\/\/kathispfifferlinge.de\/?attachment_id=250\" class=\"wp-image-250\" srcset=\"https:\/\/kathispfifferlinge.de\/wp-content\/uploads\/2021\/01\/IMG_20200526_110248-768x1024.jpg 768w, https:\/\/kathispfifferlinge.de\/wp-content\/uploads\/2021\/01\/IMG_20200526_110248-225x300.jpg 225w, https:\/\/kathispfifferlinge.de\/wp-content\/uploads\/2021\/01\/IMG_20200526_110248-1152x1536.jpg 1152w, https:\/\/kathispfifferlinge.de\/wp-content\/uploads\/2021\/01\/IMG_20200526_110248-1536x2048.jpg 1536w, https:\/\/kathispfifferlinge.de\/wp-content\/uploads\/2021\/01\/IMG_20200526_110248-scaled.jpg 1920w\" sizes=\"(max-width: 768px) 100vw, 768px\" \/><\/figure><\/li><\/ul><figcaption class=\"blocks-gallery-caption\"><br><\/figcaption><\/figure>\n\n\n\n<div class=\"wp-block-image\"><figure class=\"aligncenter size-large\"><img loading=\"lazy\" decoding=\"async\" width=\"1024\" height=\"768\" src=\"http:\/\/kathispfifferlinge.de\/wp-content\/uploads\/2021\/01\/IMG_20201105_142409-1024x768.jpg\" alt=\"\" class=\"wp-image-262\" srcset=\"https:\/\/kathispfifferlinge.de\/wp-content\/uploads\/2021\/01\/IMG_20201105_142409-1024x768.jpg 1024w, https:\/\/kathispfifferlinge.de\/wp-content\/uploads\/2021\/01\/IMG_20201105_142409-300x225.jpg 300w, https:\/\/kathispfifferlinge.de\/wp-content\/uploads\/2021\/01\/IMG_20201105_142409-768x576.jpg 768w, https:\/\/kathispfifferlinge.de\/wp-content\/uploads\/2021\/01\/IMG_20201105_142409-1536x1152.jpg 1536w, https:\/\/kathispfifferlinge.de\/wp-content\/uploads\/2021\/01\/IMG_20201105_142409-2048x1536.jpg 2048w\" sizes=\"(max-width: 1024px) 100vw, 1024px\" \/><\/figure><\/div>\n\n\n\n<p class=\"has-text-align-center\"><\/p>\n","protected":false},"excerpt":{"rendered":"<p>Wir leben in einem freistehenden Zweifamilien Haus mit einem gro\u00dfen, eingez\u00e4unten Garten. Dieses befindet sich in einer verkehrsberuhigten Zone. Alle R\u00e4ume sind kindergerecht eingerichtet. Im wilden Pfifferling Spielzimmer gibt es jede Menge zu entdecken. Im Wohn-Essbereich wird sowohl gespielt, gebastelt und es werden dort gemeinsame Mahlzeiten zu sich genommen. Der abgetrennte Schlafbereich sorgt au\u00dferdem f\u00fcr [&hellip;]<\/p>\n","protected":false},"author":1,"featured_media":0,"parent":0,"menu_order":0,"comment_status":"closed","ping_status":"closed","template":"","meta":{"footnotes":""},"yoast_head":"<!-- This site is optimized with the Yoast SEO plugin v19.7.1 - https:\/\/yoast.com\/wordpress\/plugins\/seo\/ -->\n<title>R\u00e4umlichkeiten -<\/title>\n<meta name=\"robots\" content=\"index, follow, max-snippet:-1, max-image-preview:large, max-video-preview:-1\" \/>\n<link rel=\"canonical\" href=\"https:\/\/kathispfifferlinge.de\/?page_id=27\" \/>\n<meta property=\"og:locale\" content=\"de_DE\" \/>\n<meta property=\"og:type\" content=\"article\" \/>\n<meta property=\"og:title\" content=\"R\u00e4umlichkeiten -\" \/>\n<meta property=\"og:description\" content=\"Wir leben in einem freistehenden Zweifamilien Haus mit einem gro\u00dfen, eingez\u00e4unten Garten. Dieses befindet sich in einer verkehrsberuhigten Zone. Alle R\u00e4ume sind kindergerecht eingerichtet. Im wilden Pfifferling Spielzimmer gibt es jede Menge zu entdecken. Im Wohn-Essbereich wird sowohl gespielt, gebastelt und es werden dort gemeinsame Mahlzeiten zu sich genommen. Der abgetrennte Schlafbereich sorgt au\u00dferdem f\u00fcr [&hellip;]\" \/>\n<meta property=\"og:url\" content=\"https:\/\/kathispfifferlinge.de\/?page_id=27\" \/>\n<meta property=\"article:modified_time\" content=\"2021-01-23T20:39:30+00:00\" \/>\n<meta property=\"og:image\" content=\"http:\/\/kathispfifferlinge.de\/wp-content\/uploads\/2021\/01\/IMG_20200526_110248-768x1024.jpg\" \/>\n<meta name=\"twitter:card\" content=\"summary_large_image\" \/>\n<meta name=\"twitter:label1\" content=\"Gesch\u00e4tzte Lesezeit\" \/>\n\t<meta name=\"twitter:data1\" content=\"1\u00a0Minute\" \/>\n<script type=\"application\/ld+json\" class=\"yoast-schema-graph\">{\"@context\":\"https:\/\/schema.org\",\"@graph\":[{\"@type\":\"WebPage\",\"@id\":\"https:\/\/kathispfifferlinge.de\/?page_id=27\",\"url\":\"https:\/\/kathispfifferlinge.de\/?page_id=27\",\"name\":\"R\u00e4umlichkeiten -\",\"isPartOf\":{\"@id\":\"https:\/\/kathispfifferlinge.de\/#website\"},\"datePublished\":\"2019-11-17T09:27:18+00:00\",\"dateModified\":\"2021-01-23T20:39:30+00:00\",\"breadcrumb\":{\"@id\":\"https:\/\/kathispfifferlinge.de\/?page_id=27#breadcrumb\"},\"inLanguage\":\"de\",\"potentialAction\":[{\"@type\":\"ReadAction\",\"target\":[\"https:\/\/kathispfifferlinge.de\/?page_id=27\"]}]},{\"@type\":\"BreadcrumbList\",\"@id\":\"https:\/\/kathispfifferlinge.de\/?page_id=27#breadcrumb\",\"itemListElement\":[{\"@type\":\"ListItem\",\"position\":1,\"name\":\"Startseite\",\"item\":\"https:\/\/kathispfifferlinge.de\/\"},{\"@type\":\"ListItem\",\"position\":2,\"name\":\"R\u00e4umlichkeiten\"}]},{\"@type\":\"WebSite\",\"@id\":\"https:\/\/kathispfifferlinge.de\/#website\",\"url\":\"https:\/\/kathispfifferlinge.de\/\",\"name\":\"\",\"description\":\"Kathis-Pfifferlinge\",\"potentialAction\":[{\"@type\":\"SearchAction\",\"target\":{\"@type\":\"EntryPoint\",\"urlTemplate\":\"https:\/\/kathispfifferlinge.de\/?s={search_term_string}\"},\"query-input\":\"required name=search_term_string\"}],\"inLanguage\":\"de\"}]}<\/script>\n<!-- \/ Yoast SEO plugin. -->","yoast_head_json":{"title":"R\u00e4umlichkeiten -","robots":{"index":"index","follow":"follow","max-snippet":"max-snippet:-1","max-image-preview":"max-image-preview:large","max-video-preview":"max-video-preview:-1"},"canonical":"https:\/\/kathispfifferlinge.de\/?page_id=27","og_locale":"de_DE","og_type":"article","og_title":"R\u00e4umlichkeiten -","og_description":"Wir leben in einem freistehenden Zweifamilien Haus mit einem gro\u00dfen, eingez\u00e4unten Garten. Dieses befindet sich in einer verkehrsberuhigten Zone. Alle R\u00e4ume sind kindergerecht eingerichtet. Im wilden Pfifferling Spielzimmer gibt es jede Menge zu entdecken. Im Wohn-Essbereich wird sowohl gespielt, gebastelt und es werden dort gemeinsame Mahlzeiten zu sich genommen. Der abgetrennte Schlafbereich sorgt au\u00dferdem f\u00fcr [&hellip;]","og_url":"https:\/\/kathispfifferlinge.de\/?page_id=27","article_modified_time":"2021-01-23T20:39:30+00:00","og_image":[{"url":"http:\/\/kathispfifferlinge.de\/wp-content\/uploads\/2021\/01\/IMG_20200526_110248-768x1024.jpg"}],"twitter_card":"summary_large_image","twitter_misc":{"Gesch\u00e4tzte Lesezeit":"1\u00a0Minute"},"schema":{"@context":"https:\/\/schema.org","@graph":[{"@type":"WebPage","@id":"https:\/\/kathispfifferlinge.de\/?page_id=27","url":"https:\/\/kathispfifferlinge.de\/?page_id=27","name":"R\u00e4umlichkeiten -","isPartOf":{"@id":"https:\/\/kathispfifferlinge.de\/#website"},"datePublished":"2019-11-17T09:27:18+00:00","dateModified":"2021-01-23T20:39:30+00:00","breadcrumb":{"@id":"https:\/\/kathispfifferlinge.de\/?page_id=27#breadcrumb"},"inLanguage":"de","potentialAction":[{"@type":"ReadAction","target":["https:\/\/kathispfifferlinge.de\/?page_id=27"]}]},{"@type":"BreadcrumbList","@id":"https:\/\/kathispfifferlinge.de\/?page_id=27#breadcrumb","itemListElement":[{"@type":"ListItem","position":1,"name":"Startseite","item":"https:\/\/kathispfifferlinge.de\/"},{"@type":"ListItem","position":2,"name":"R\u00e4umlichkeiten"}]},{"@type":"WebSite","@id":"https:\/\/kathispfifferlinge.de\/#website","url":"https:\/\/kathispfifferlinge.de\/","name":"","description":"Kathis-Pfifferlinge","potentialAction":[{"@type":"SearchAction","target":{"@type":"EntryPoint","urlTemplate":"https:\/\/kathispfifferlinge.de\/?s={search_term_string}"},"query-input":"required name=search_term_string"}],"inLanguage":"de"}]}},"_links":{"self":[{"href":"https:\/\/kathispfifferlinge.de\/index.php?rest_route=\/wp\/v2\/pages\/27"}],"collection":[{"href":"https:\/\/kathispfifferlinge.de\/index.php?rest_route=\/wp\/v2\/pages"}],"about":[{"href":"https:\/\/kathispfifferlinge.de\/index.php?rest_route=\/wp\/v2\/types\/page"}],"author":[{"embeddable":true,"href":"https:\/\/kathispfifferlinge.de\/index.php?rest_route=\/wp\/v2\/users\/1"}],"replies":[{"embeddable":true,"href":"https:\/\/kathispfifferlinge.de\/index.php?rest_route=%2Fwp%2Fv2%2Fcomments&post=27"}],"version-history":[{"count":11,"href":"https:\/\/kathispfifferlinge.de\/index.php?rest_route=\/wp\/v2\/pages\/27\/revisions"}],"predecessor-version":[{"id":296,"href":"https:\/\/kathispfifferlinge.de\/index.php?rest_route=\/wp\/v2\/pages\/27\/revisions\/296"}],"wp:attachment":[{"href":"https:\/\/kathispfifferlinge.de\/index.php?rest_route=%2Fwp%2Fv2%2Fmedia&parent=27"}],"curies":[{"name":"wp","href":"https:\/\/api.w.org\/{rel}","templated":true}]}}